{"id":423,"date":"2022-04-21T10:25:47","date_gmt":"2022-04-21T09:25:47","guid":{"rendered":"https:\/\/egloballawyers.com\/?page_id=423"},"modified":"2023-01-17T12:48:41","modified_gmt":"2023-01-17T12:48:41","slug":"proteccion-de-datos","status":"publish","type":"page","link":"https:\/\/egloballawyers.com\/es\/proteccion-de-datos\/","title":{"rendered":"Protecci\u00f3n de datos"},"content":{"rendered":"\t\t<div data-elementor-type=\"wp-page\" data-elementor-id=\"423\" class=\"elementor elementor-423 elementor-22\" data-elementor-post-type=\"page\">\n\t\t\t\t\t\t<section class=\"elementor-section elementor-top-section elementor-element elementor-element-7fb0fa2a elementor-section-full_width elementor-section-content-middle elementor-section-stretched elementor-section-height-default elementor-section-height-default\" data-id=\"7fb0fa2a\" data-element_type=\"section\" id=\"equipo-paquete\" data-settings=\"{&quot;stretch_section&quot;:&quot;section-stretched&quot;}\">\n\t\t\t\t\t\t<div class=\"elementor-container elementor-column-gap-default\">\n\t\t\t\t\t<div class=\"elementor-column elementor-col-50 elementor-top-column elementor-element elementor-element-2193fc53\" data-id=\"2193fc53\" data-element_type=\"column\" data-settings=\"{&quot;background_background&quot;:&quot;classic&quot;}\">\n\t\t\t<div class=\"elementor-widget-wrap elementor-element-populated\">\n\t\t\t\t\t<div class=\"elementor-background-overlay\"><\/div>\n\t\t\t\t\t\t<div class=\"elementor-element elementor-element-54af8877 elementor-widget elementor-widget-heading\" data-id=\"54af8877\" data-element_type=\"widget\" data-widget_type=\"heading.default\">\n\t\t\t\t<div class=\"elementor-widget-container\">\n\t\t\t\t\t<h1 class=\"elementor-heading-title elementor-size-default\">PROTECCI\u00d3N<BR>DE DATOS<\/h1>\t\t\t\t<\/div>\n\t\t\t\t<\/div>\n\t\t\t\t\t<\/div>\n\t\t<\/div>\n\t\t\t\t<div class=\"elementor-column elementor-col-50 elementor-top-column elementor-element elementor-element-2370c1cb\" data-id=\"2370c1cb\" data-element_type=\"column\">\n\t\t\t<div class=\"elementor-widget-wrap elementor-element-populated\">\n\t\t\t\t\t\t<section class=\"elementor-section elementor-inner-section elementor-element elementor-element-3fbaef25 elementor-section-boxed elementor-section-height-default elementor-section-height-default\" data-id=\"3fbaef25\" data-element_type=\"section\">\n\t\t\t\t\t\t<div class=\"elementor-container elementor-column-gap-default\">\n\t\t\t\t\t<div class=\"elementor-column elementor-col-100 elementor-inner-column elementor-element elementor-element-61d13d33\" data-id=\"61d13d33\" data-element_type=\"column\">\n\t\t\t<div class=\"elementor-widget-wrap elementor-element-populated\">\n\t\t\t\t\t\t<div class=\"elementor-element elementor-element-47333f00 elementor-widget elementor-widget-text-editor\" data-id=\"47333f00\" data-element_type=\"widget\" data-widget_type=\"text-editor.default\">\n\t\t\t\t<div class=\"elementor-widget-container\">\n\t\t\t\t\t\t\t\t\t<p align=\"justify\">Hoy en d\u00eda, el Reglamento General de Protecci\u00f3n de Datos (RGDP), traspuesto por la Ley Org\u00e1nica 3\/2018, de 5 de diciembre, de Protecci\u00f3n de Datos Personales y garant\u00eda de los derechos digitales, es de fundamental importancia.<\/p>\n<p align=\"justify\">La Ley de Protecci\u00f3n de Datos es un campo en crecimiento y plantea varios problemas para los consumidores, personas f\u00edsicas, empresas y organizaciones.&nbsp;<span style=\"color: var(--the7-base-color); letter-spacing: var(--the7-base-letter-spacing); text-transform: var(--the7-base-text-transform); word-spacing: normal;\">Por esta raz\u00f3n, es vital conocer los derechos y las obligaciones establecidas en el Reglamento General de Protecci\u00f3n de Datos (RGDP) y la Ley Org\u00e1nica 3\/2018, de 5 de diciembre, de Protecci\u00f3n de Datos Personales y garant\u00eda de los derechos digitales.<\/span><\/p>\n<p align=\"justify\">Ayudamos a las personas a garantizar que sus datos personales est\u00e9n protegidos, ayud\u00e1ndoles a gestionar sus derechos y hacer valer los mismos.<\/p>\n<p align=\"justify\">Asesoramos a las empresas sobre c\u00f3mo hacer que su negocio cumpla con la legislaci\u00f3n y no se vea expuesto a importantes sanciones.<\/p>\t\t\t\t\t\t\t\t<\/div>\n\t\t\t\t<\/div>\n\t\t\t\t\t<\/div>\n\t\t<\/div>\n\t\t\t\t\t<\/div>\n\t\t<\/section>\n\t\t\t\t\t<\/div>\n\t\t<\/div>\n\t\t\t\t\t<\/div>\n\t\t<\/section>\n\t\t\t\t<\/div>\n\t\t","protected":false},"excerpt":{"rendered":"<p>PROTECCI\u00d3NDE DATOS Hoy en d\u00eda, el Reglamento General de Protecci\u00f3n de Datos (RGDP), traspuesto por la Ley Org\u00e1nica 3\/2018, de 5 de diciembre, de Protecci\u00f3n de Datos Personales y garant\u00eda de los derechos digitales, es de fundamental importancia. La Ley de Protecci\u00f3n de Datos es un campo en crecimiento y plantea varios problemas para los&hellip;<\/p>\n","protected":false},"author":1,"featured_media":0,"parent":0,"menu_order":0,"comment_status":"closed","ping_status":"closed","template":"","meta":{"footnotes":""},"class_list":["post-423","page","type-page","status-publish","hentry"],"_links":{"self":[{"href":"https:\/\/egloballawyers.com\/es\/wp-json\/wp\/v2\/pages\/423","targetHints":{"allow":["GET"]}}],"collection":[{"href":"https:\/\/egloballawyers.com\/es\/wp-json\/wp\/v2\/pages"}],"about":[{"href":"https:\/\/egloballawyers.com\/es\/wp-json\/wp\/v2\/types\/page"}],"author":[{"embeddable":true,"href":"https:\/\/egloballawyers.com\/es\/wp-json\/wp\/v2\/users\/1"}],"replies":[{"embeddable":true,"href":"https:\/\/egloballawyers.com\/es\/wp-json\/wp\/v2\/comments?post=423"}],"version-history":[{"count":16,"href":"https:\/\/egloballawyers.com\/es\/wp-json\/wp\/v2\/pages\/423\/revisions"}],"predecessor-version":[{"id":441,"href":"https:\/\/egloballawyers.com\/es\/wp-json\/wp\/v2\/pages\/423\/revisions\/441"}],"wp:attachment":[{"href":"https:\/\/egloballawyers.com\/es\/wp-json\/wp\/v2\/media?parent=423"}],"curies":[{"name":"wp","href":"https:\/\/api.w.org\/{rel}","templated":true}]}}