{"id":442,"date":"2023-01-17T12:51:08","date_gmt":"2023-01-17T12:51:08","guid":{"rendered":"https:\/\/egloballawyers.com\/?page_id=442"},"modified":"2023-01-17T13:14:31","modified_gmt":"2023-01-17T13:14:31","slug":"administracion-concursal","status":"publish","type":"page","link":"https:\/\/egloballawyers.com\/es\/administracion-concursal\/","title":{"rendered":"Administraci\u00f3n concursal"},"content":{"rendered":"\t\t<div data-elementor-type=\"wp-page\" data-elementor-id=\"442\" class=\"elementor elementor-442\" data-elementor-post-type=\"page\">\n\t\t\t\t\t\t<section class=\"elementor-section elementor-top-section elementor-element elementor-element-7fb0fa2a elementor-section-full_width elementor-section-content-middle elementor-section-stretched elementor-section-height-default elementor-section-height-default\" data-id=\"7fb0fa2a\" data-element_type=\"section\" id=\"equipo-paquete\" data-settings=\"{&quot;stretch_section&quot;:&quot;section-stretched&quot;}\">\n\t\t\t\t\t\t<div class=\"elementor-container elementor-column-gap-default\">\n\t\t\t\t\t<div class=\"elementor-column elementor-col-50 elementor-top-column elementor-element elementor-element-2193fc53\" data-id=\"2193fc53\" data-element_type=\"column\" data-settings=\"{&quot;background_background&quot;:&quot;classic&quot;}\">\n\t\t\t<div class=\"elementor-widget-wrap elementor-element-populated\">\n\t\t\t\t\t<div class=\"elementor-background-overlay\"><\/div>\n\t\t\t\t\t\t<div class=\"elementor-element elementor-element-54af8877 elementor-widget elementor-widget-heading\" data-id=\"54af8877\" data-element_type=\"widget\" data-widget_type=\"heading.default\">\n\t\t\t\t<div class=\"elementor-widget-container\">\n\t\t\t\t\t<h1 class=\"elementor-heading-title elementor-size-default\">Administraci\u00f3n<BR>concursal<\/h1>\t\t\t\t<\/div>\n\t\t\t\t<\/div>\n\t\t\t\t\t<\/div>\n\t\t<\/div>\n\t\t\t\t<div class=\"elementor-column elementor-col-50 elementor-top-column elementor-element elementor-element-2370c1cb\" data-id=\"2370c1cb\" data-element_type=\"column\">\n\t\t\t<div class=\"elementor-widget-wrap elementor-element-populated\">\n\t\t\t\t\t\t<section class=\"elementor-section elementor-inner-section elementor-element elementor-element-3fbaef25 elementor-section-boxed elementor-section-height-default elementor-section-height-default\" data-id=\"3fbaef25\" data-element_type=\"section\">\n\t\t\t\t\t\t<div class=\"elementor-container elementor-column-gap-default\">\n\t\t\t\t\t<div class=\"elementor-column elementor-col-100 elementor-inner-column elementor-element elementor-element-61d13d33\" data-id=\"61d13d33\" data-element_type=\"column\">\n\t\t\t<div class=\"elementor-widget-wrap elementor-element-populated\">\n\t\t\t\t\t\t<div class=\"elementor-element elementor-element-47333f00 elementor-widget elementor-widget-text-editor\" data-id=\"47333f00\" data-element_type=\"widget\" data-widget_type=\"text-editor.default\">\n\t\t\t\t<div class=\"elementor-widget-container\">\n\t\t\t\t\t\t\t\t\t<p align=\"justify\">Somos abogados y economistas expertos en la gesti\u00f3n de concursos de acreedores con dilatada experiencia y formaci\u00f3n continua, tanto como administradores y mediadores concursales designados por el juzgado; como con experiencia como abogados promotores de concursos acreedores y en la defensa de los intereses de los acreedores.<\/p><p align=\"justify\">Contamos con un equipo vers\u00e1til, dispuesto a lo largo del territorio nacional y con contactos con inversores, y diversas plataformas de liquidaci\u00f3n, que facilitan la r\u00e1pida y eficaz gesti\u00f3n del concurso.<\/p><p align=\"justify\">Nuestra amplia experiencia y conocimiento trasversal, nos permite acompa\u00f1arle en todo el proceso concursal, ofreciendo un asesoramiento integral en todas la fases del concurso de acreedores, que permite un an\u00e1lisis detallado a cada caso y asesoramiento especializado para la adecuada toma decisiones y gesti\u00f3n de la insolvencia y consecuencias de la misma.<\/p>\t\t\t\t\t\t\t\t<\/div>\n\t\t\t\t<\/div>\n\t\t\t\t\t<\/div>\n\t\t<\/div>\n\t\t\t\t\t<\/div>\n\t\t<\/section>\n\t\t\t\t\t<\/div>\n\t\t<\/div>\n\t\t\t\t\t<\/div>\n\t\t<\/section>\n\t\t\t\t<\/div>\n\t\t","protected":false},"excerpt":{"rendered":"<p>Administraci\u00f3nconcursal Somos abogados y economistas expertos en la gesti\u00f3n de concursos de acreedores con dilatada experiencia y formaci\u00f3n continua, tanto como administradores y mediadores concursales designados por el juzgado; como con experiencia como abogados promotores de concursos acreedores y en la defensa de los intereses de los acreedores. Contamos con un equipo vers\u00e1til, dispuesto a&hellip;<\/p>\n","protected":false},"author":1,"featured_media":0,"parent":0,"menu_order":0,"comment_status":"closed","ping_status":"closed","template":"","meta":{"footnotes":""},"class_list":["post-442","page","type-page","status-publish","hentry"],"_links":{"self":[{"href":"https:\/\/egloballawyers.com\/es\/wp-json\/wp\/v2\/pages\/442","targetHints":{"allow":["GET"]}}],"collection":[{"href":"https:\/\/egloballawyers.com\/es\/wp-json\/wp\/v2\/pages"}],"about":[{"href":"https:\/\/egloballawyers.com\/es\/wp-json\/wp\/v2\/types\/page"}],"author":[{"embeddable":true,"href":"https:\/\/egloballawyers.com\/es\/wp-json\/wp\/v2\/users\/1"}],"replies":[{"embeddable":true,"href":"https:\/\/egloballawyers.com\/es\/wp-json\/wp\/v2\/comments?post=442"}],"version-history":[{"count":7,"href":"https:\/\/egloballawyers.com\/es\/wp-json\/wp\/v2\/pages\/442\/revisions"}],"predecessor-version":[{"id":476,"href":"https:\/\/egloballawyers.com\/es\/wp-json\/wp\/v2\/pages\/442\/revisions\/476"}],"wp:attachment":[{"href":"https:\/\/egloballawyers.com\/es\/wp-json\/wp\/v2\/media?parent=442"}],"curies":[{"name":"wp","href":"https:\/\/api.w.org\/{rel}","templated":true}]}}