{"id":449,"date":"2023-01-17T12:53:54","date_gmt":"2023-01-17T12:53:54","guid":{"rendered":"https:\/\/egloballawyers.com\/?page_id=449"},"modified":"2023-01-17T13:14:55","modified_gmt":"2023-01-17T13:14:55","slug":"gestion-de-la-insolvencia-y-preconcursal","status":"publish","type":"page","link":"https:\/\/egloballawyers.com\/es\/gestion-de-la-insolvencia-y-preconcursal\/","title":{"rendered":"Gesti\u00f3n de la insolvencia y Preconcursal"},"content":{"rendered":"\t\t<div data-elementor-type=\"wp-page\" data-elementor-id=\"449\" class=\"elementor elementor-449\" data-elementor-post-type=\"page\">\n\t\t\t\t\t\t<section class=\"elementor-section elementor-top-section elementor-element elementor-element-7fb0fa2a elementor-section-full_width elementor-section-content-middle elementor-section-stretched elementor-section-height-default elementor-section-height-default\" data-id=\"7fb0fa2a\" data-element_type=\"section\" id=\"equipo-paquete\" data-settings=\"{&quot;stretch_section&quot;:&quot;section-stretched&quot;}\">\n\t\t\t\t\t\t<div class=\"elementor-container elementor-column-gap-default\">\n\t\t\t\t\t<div class=\"elementor-column elementor-col-50 elementor-top-column elementor-element elementor-element-2193fc53\" data-id=\"2193fc53\" data-element_type=\"column\" data-settings=\"{&quot;background_background&quot;:&quot;classic&quot;}\">\n\t\t\t<div class=\"elementor-widget-wrap elementor-element-populated\">\n\t\t\t\t\t<div class=\"elementor-background-overlay\"><\/div>\n\t\t\t\t\t\t<div class=\"elementor-element elementor-element-54af8877 elementor-widget elementor-widget-heading\" data-id=\"54af8877\" data-element_type=\"widget\" data-widget_type=\"heading.default\">\n\t\t\t\t<div class=\"elementor-widget-container\">\n\t\t\t\t\t<h1 class=\"elementor-heading-title elementor-size-default\">Gesti\u00f3n de la insolvencia<BR>y preconcursal<\/h1>\t\t\t\t<\/div>\n\t\t\t\t<\/div>\n\t\t\t\t\t<\/div>\n\t\t<\/div>\n\t\t\t\t<div class=\"elementor-column elementor-col-50 elementor-top-column elementor-element elementor-element-2370c1cb\" data-id=\"2370c1cb\" data-element_type=\"column\">\n\t\t\t<div class=\"elementor-widget-wrap elementor-element-populated\">\n\t\t\t\t\t\t<section class=\"elementor-section elementor-inner-section elementor-element elementor-element-3fbaef25 elementor-section-boxed elementor-section-height-default elementor-section-height-default\" data-id=\"3fbaef25\" data-element_type=\"section\">\n\t\t\t\t\t\t<div class=\"elementor-container elementor-column-gap-default\">\n\t\t\t\t\t<div class=\"elementor-column elementor-col-100 elementor-inner-column elementor-element elementor-element-61d13d33\" data-id=\"61d13d33\" data-element_type=\"column\">\n\t\t\t<div class=\"elementor-widget-wrap elementor-element-populated\">\n\t\t\t\t\t\t<div class=\"elementor-element elementor-element-47333f00 elementor-widget elementor-widget-text-editor\" data-id=\"47333f00\" data-element_type=\"widget\" data-widget_type=\"text-editor.default\">\n\t\t\t\t<div class=\"elementor-widget-container\">\n\t\t\t\t\t\t\t\t\t<p align=\"justify\">La nueva ley concursal introduce nuevos instrumentos, los llamados planes o acuerdos de reestructuraci\u00f3n, que permiten una actuaci\u00f3n temprana pudiendo acudirse a estas figuras antes de llegar a la situaci\u00f3n de insolvencia, cuando esta es probable o inminente, incrementando la posibilidad del buen \u00e9xito del antiguo preconcurso, pudiendo permitirse la continuidad de la empresa y evitando situaciones de extensi\u00f3n de responsabilidad de socios y administradores.<\/p><p align=\"justify\">Te ayudamos a negociar o refinanciar las deudas , asesor\u00e1ndote igualmente en aspectos contractuales y estructurales de la empresa con el fin de permitirle continuar su actividad empresarial sin problemas, evitando la necesidad de declararse en concurso de acreedores, adem\u00e1s de ser expertos en derecho concursal, tenemos experiencia en asesor\u00eda integral a la empresa y en derecho societario, lo que nos permite ofrecer una soluci\u00f3n integral que subsane los problemas de liquidez y permita la continuidad de la empresa.<\/p>\t\t\t\t\t\t\t\t<\/div>\n\t\t\t\t<\/div>\n\t\t\t\t\t<\/div>\n\t\t<\/div>\n\t\t\t\t\t<\/div>\n\t\t<\/section>\n\t\t\t\t\t<\/div>\n\t\t<\/div>\n\t\t\t\t\t<\/div>\n\t\t<\/section>\n\t\t\t\t<\/div>\n\t\t","protected":false},"excerpt":{"rendered":"<p>Gesti\u00f3n de la insolvenciay preconcursal La nueva ley concursal introduce nuevos instrumentos, los llamados planes o acuerdos de reestructuraci\u00f3n, que permiten una actuaci\u00f3n temprana pudiendo acudirse a estas figuras antes de llegar a la situaci\u00f3n de insolvencia, cuando esta es probable o inminente, incrementando la posibilidad del buen \u00e9xito del antiguo preconcurso, pudiendo permitirse la&hellip;<\/p>\n","protected":false},"author":1,"featured_media":0,"parent":0,"menu_order":0,"comment_status":"closed","ping_status":"closed","template":"","meta":{"footnotes":""},"class_list":["post-449","page","type-page","status-publish","hentry"],"_links":{"self":[{"href":"https:\/\/egloballawyers.com\/es\/wp-json\/wp\/v2\/pages\/449","targetHints":{"allow":["GET"]}}],"collection":[{"href":"https:\/\/egloballawyers.com\/es\/wp-json\/wp\/v2\/pages"}],"about":[{"href":"https:\/\/egloballawyers.com\/es\/wp-json\/wp\/v2\/types\/page"}],"author":[{"embeddable":true,"href":"https:\/\/egloballawyers.com\/es\/wp-json\/wp\/v2\/users\/1"}],"replies":[{"embeddable":true,"href":"https:\/\/egloballawyers.com\/es\/wp-json\/wp\/v2\/comments?post=449"}],"version-history":[{"count":8,"href":"https:\/\/egloballawyers.com\/es\/wp-json\/wp\/v2\/pages\/449\/revisions"}],"predecessor-version":[{"id":479,"href":"https:\/\/egloballawyers.com\/es\/wp-json\/wp\/v2\/pages\/449\/revisions\/479"}],"wp:attachment":[{"href":"https:\/\/egloballawyers.com\/es\/wp-json\/wp\/v2\/media?parent=449"}],"curies":[{"name":"wp","href":"https:\/\/api.w.org\/{rel}","templated":true}]}}